{"id":1219,"date":"2021-01-21T13:54:36","date_gmt":"2021-01-21T13:54:36","guid":{"rendered":"https:\/\/www.futterspende-plus.de\/?page_id=1219"},"modified":"2021-01-21T14:10:40","modified_gmt":"2021-01-21T14:10:40","slug":"datenschutz","status":"publish","type":"page","link":"https:\/\/www.futterspende-plus.de\/?page_id=1219","title":{"rendered":"Datenschutz"},"content":{"rendered":"\n<p><strong>Datenschutzerkl\u00e4rung der heristo aktiengesellschaft<\/strong><\/p>\n\n\n\n<p>Wir freuen uns, dass Sie unsere Webseiten besuchen und bedanken uns f\u00fcr Ihr Interesse an unserem Unternehmen, unseren Produkten und unseren Webseiten. Der Schutz Ihrer Privatsph\u00e4re bei der Nutzung unserer Webseiten ist uns ein wichtiges Anliegen. Deshalb handeln wir in \u00dcbereinstimmung mit den anwendbaren Rechtsvorschriften zum Schutz personenbezogener Daten und zur Datensicherheit.<\/p>\n\n\n\n<p>Im Folgenden erfahren Sie, f\u00fcr welche Webseiten diese Datenschutzerkl\u00e4rung gilt, welche Daten wir erheben, verarbeiten und nutzen, welche Auskunftsrechte Sie haben und vieles mehr. Um Ihre Fragen schnell und verst\u00e4ndlich beantworten zu k\u00f6nnen, haben wir unsere Datenschutzerkl\u00e4rung in Form von Fragen und Antworten gestaltet.<\/p>\n\n\n\n<p><strong>Wer ist f\u00fcr diese Webseite verantwortlich?<\/strong><\/p>\n\n\n\n<p>Verantwortlich f\u00fcr die nachfolgend dargestellte Datenerhebung und Verarbeitung ist die im Impressum genannte Stelle.<\/p>\n\n\n\n<p><strong>F\u00fcr welche Webseiten gilt diese Datenschutzerkl\u00e4rung?\u2028<\/strong><\/p>\n\n\n\n<p>Diese Datenschutzerkl\u00e4rung gilt f\u00fcr die Nutzung der von der heristo aktiengesellschaft und\/oder ihren Tochtergesellschaften (nachfolgend \u201eheristo\u201c genannt) angebotenen Webseiten (nachfolgend \u201eheristo-Webseiten\u201c genannt). Diese Datenschutzerkl\u00e4rung gilt nicht f\u00fcr die Webseiten anderer Dienstanbieter, auf die heristo-Webseiten lediglich durch einen Link verweisen.<\/p>\n\n\n\n<p><strong>Was sind personenbezogene Daten?\u2028<\/strong><\/p>\n\n\n\n<p>Personenbezogenen Daten sind Einzelangaben \u00fcber pers\u00f6nliche oder sachliche Verh\u00e4ltnisse einer bestimmten oder bestimmbaren nat\u00fcrlichen Person. So sind beispielsweise Ihr Name, Ihre Anschrift, Ihre Konto-, Ausweis- oder Telefonnummer, Ihr Kfz-Kennzeichen, Ihre E-Mail-Adresse oder IP-Nummer personenbezogene Daten. Nicht personenbezogen sind hingegen solche Daten, mit denen die Ermittlung Ihrer tats\u00e4chlichen Identit\u00e4t unm\u00f6glich ist. Hierzu geh\u00f6ren beispielsweise Informationen dar\u00fcber, welchen Geschlechts Sie sind, welchen Browser Sie verwenden oder welche Automarke Sie bevorzugen.<\/p>\n\n\n\n<p><strong>Bleibe ich bei der Nutzung der heristo-Webseiten anonym?\u2028<\/strong><\/p>\n\n\n\n<p>Ja. Bei der Nutzung der heristo-Webseiten bleiben Sie anonym, solange Sie uns nicht von sich aus freiwillig personenbezogene Daten zur Verf\u00fcgung stellen. Die einzige Ausnahme von diesem Grundsatz stellt die vor\u00fcbergehende automatische Erhebung und Speicherung Ihrer IP-Nummer dar. N\u00e4heres hierzu erfahren Sie unten.<\/p>\n\n\n\n<p><strong>Werden personenbezogene Daten automatisch erhoben und verarbeitet?\u2028<\/strong><\/p>\n\n\n\n<p>Ja. Wir erheben automatisch bei jedem Ihrer Besuche auf unseren Webseiten Informationen dar\u00fcber, welche IP-Nummer Ihrem Rechner zugewiesen ist, welchen Browser und welches Betriebssystem Sie verwenden und welche Webseiten Sie sich angesehen haben. Die Speicherung dieser Daten erfolgt in sogenannten Logfiles auf dem Webserver. Dabei geh\u00f6rt nur die IP-Nummer zu personenbezogenen Daten. Zum Schutz unserer Rechnersysteme vor Missbrauch ist es erforderlich, die IP-Nummer jedes Besuchers f\u00fcr die Dauer von sieben Tagen zu speichern. Rechtsgrundlage ist Art. 6 Abs. 1 lit. f) DSGVO. Sollten wir die Logfiles dar\u00fcber hinaus auch zur Erstellung von Nutzungsprofilen heranziehen, sei es zum Zwecke der Werbung, der Marktforschung oder zur bedarfsgerechten Gestaltung unserer Webseiten, werden die IP-Nummern vorab anonymisiert. Andernfalls werden die IP-Nummern aus den Logfiles gel\u00f6scht. Im Ergebnis bleiben Sie so in jedem Fall auch bei der automatischen Erhebung und vor\u00fcbergehenden Speicherung Ihrer IP-Nummer anonym.<\/p>\n\n\n\n<p><strong>Unter welchen Voraussetzungen werden personenbezogene Daten im \u00dcbrigen erhoben, verarbeitet oder genutzt?\u2028<\/strong><\/p>\n\n\n\n<p>Personenbezogene Daten erheben, verarbeiten oder nutzen wir im \u00dcbrigen nur dann, wenn Sie uns diese freiwillig zur Verf\u00fcgung stellen und es dar\u00fcber hinaus gesetzlich zul\u00e4ssig ist oder Sie Ihre Einwilligung gegeben haben. Dies geschieht \u00fcblicherweise, wenn Sie mit uns online einen Vertrag schlie\u00dfen oder eine Anfrage an uns stellen.<\/p>\n\n\n\n<p><strong>Zu welchem Zweck werden personenbezogene Daten erhoben, verarbeitet oder genutzt?\u2028<\/strong><\/p>\n\n\n\n<p>Die von Ihnen zur Verf\u00fcgung gestellten personenbezogenen Daten verwenden wir ausschlie\u00dflich zu den mitgeteilten bzw. vereinbarten Zwecken, also in der Regel nach Art. 6 Abs. 1 lit. b) DSGVO zur Vorbereitung oder Erf\u00fcllung des mit Ihnen geschlossenen Vertrages oder nach Art. 6 Abs. 1 lit. f) DSGVO zur Beantwortung Ihrer Anfrage.<\/p>\n\n\n\n<p><strong>Werden personenbezogene Daten zum Zwecke der Werbung oder Marktforschung verwendet?<\/strong><\/p>\n\n\n\n<p>\u2028Ohne Ihre Einwilligung ist dies nicht der Fall. Zur Pflege der Kundenbeziehung mit Ihnen haben wir in einigen F\u00e4llen Interesse daran, Ihre personenbezogenen Daten zu Werbungs-, Marktforschungs- oder sonstigen Zwecken einzusetzen. Dies teilen wir Ihnen aber selbstverst\u00e4ndlich vorab mit und bitten Sie gem\u00e4\u00df Art. 6 Abs. 1 lit. a) DSGVO um Ihre ausdr\u00fcckliche Einwilligung.<\/p>\n\n\n\n<p><strong>Werden personenbezogene Daten weitergegeben, verkauft oder anderweitig an Dritte \u00fcbermittelt?\u2028<\/strong><\/p>\n\n\n\n<p>Eine Weitergabe, ein Verkauf oder sonstige \u00dcbermittlung Ihrer personenbezogenen Daten an Dritte erfolgt nicht, es sei denn, dass dies nach Art. 6 Abs. 1 lit. b) DSGVO zum Zwecke der Vertragsabwicklung erforderlich ist oder Sie gem\u00e4\u00df Art. 6 Abs. 1 lit. a) DSGVO ausdr\u00fccklich eingewilligt haben. So kann es beispielsweise erforderlich sein, dass wir bei Bestellungen von Produkten Ihre Anschrift und Bestelldaten an unsere Lieferanten weitergeben.<\/p>\n\n\n\n<p><strong>Kann ich meine Einwilligung auch wieder zur\u00fccknehmen?<\/strong>\u2028<\/p>\n\n\n\n<p>Ja. Sie haben jederzeit die M\u00f6glichkeit, dem mit der Einwilligung vereinbarten Verwendungszweck Ihrer personenbezogenen Daten f\u00fcr die Zukunft zu widersprechen. Wenden Sie sich dazu bitte an die unten genannte Stelle.<\/p>\n\n\n\n<p><strong>Wird auf heristo-Webseiten E-Mail-Newsletter angeboten?<\/strong><\/p>\n\n\n\n<p>Ja, auf der Webseite&nbsp;<a href=\"http:\/\/www.ferdifuchs.de\/\" target=\"_blank\" rel=\"noreferrer noopener\">www.ferdifuchs.de<\/a>&nbsp;k\u00f6nnen Sie einen E-Mail-Newsletter bestellen. Der Versand des E-Mail-Newsletters und die damit einhergehende Verarbeitung Ihrer E-Mail-Adresse erfolgt auf der Grundlage einer Einwilligung gem\u00e4\u00df Art. 6 Abs. 1 lit. a) DSGVO.<\/p>\n\n\n\n<p><strong>Ihre Einwilligung k\u00f6nnen Sie jederzeit widerrufen, ohne dass dies die Rechtm\u00e4\u00dfigkeit der bisher erfolgten Verarbeitung ber\u00fchrt. Wenn Sie die Einwilligung widerrufen, wird die entsprechende Datenverarbeitung eingestellt.<\/strong><\/p>\n\n\n\n<p>Wenn Sie zuk\u00fcnftig keinen Newsletter mehr erhalten m\u00f6chten, k\u00f6nnen Sie diesen jederzeit wieder abbestellen, z. B. per E-Mail an&nbsp;<a href=\"javascript:linkTo_UnCryptMailto(%27ocknvq%2CkphqBhgtfk%5C%2Fhweju0fg%27);\">info@ferdi-fuchs.de<\/a>&nbsp;oder \u00fcber den Link zur Abbestellung des Newsletters, den Sie in jeder Newsletter-Email vorfinden.<\/p>\n\n\n\n<p>Der Versand der Newsletter erfolgt mittels \u201eMailChimp\u201c, einer Newsletterversandplattform des US-Anbieters Rocket Science Group, LLC, 675 Ponce De Leon Ave NE #5000, Atlanta, GA 30308, USA.<\/p>\n\n\n\n<p>Ihre Email-Adresse wird auf Servern des Dienstleisters in den USA gespeichert. MailChimp nutzt Ihre E-Mail-Adresse f\u00fcr den Versand der Newsletter im Auftrag des Newsletteranbieters. Mit dem Dienstleister wurde ein Vertrag zur Auftragsverarbeitung nach Art. 28 DSGVO abgeschlossen. Des Weiteren kann MailChimp nach eigenen Informationen Ihre E-Mail-Adresse zur Optimierung oder Verbesserung der eigenen Services nutzen, z.B. zur technischen Optimierung des Versandes und der Darstellung der Newsletter oder f\u00fcr wirtschaftliche Zwecke, um zu bestimmen aus welchen L\u00e4ndern die Empf\u00e4nger kommen. MailChimp nutzt Ihre E-Mail-Adresse jedoch nicht, um diese selbst anzuschreiben oder an Dritte weiterzugeben.<\/p>\n\n\n\n<p>MailChimp hat sich dem \u201eEU-US-Privacy Shield\u201c unterworfen und dadurch verpflichtet, europ\u00e4ische Datenschutzstandards einzuhalten.<\/p>\n\n\n\n<p><strong>Werden auf heristo-Webseiten Trackingverfahren eingesetzt?<\/strong><\/p>\n\n\n\n<p>Ja, auf den Webseiten&nbsp;<a href=\"http:\/\/www.appel-feinkost.de\/\" target=\"_blank\" rel=\"noreferrer noopener\">www.appel-feinkost.de<\/a>&nbsp;und&nbsp;<a href=\"http:\/\/www.ferdifuchs.de\/\" target=\"_blank\" rel=\"noreferrer noopener\">www.ferdifuchs.de<\/a>&nbsp;werden mit Technologien der etracker GmbH (<a href=\"http:\/\/www.etracker.com\/\" target=\"_blank\" rel=\"noreferrer noopener\">www.etracker.com<\/a>) Daten zu Marketing- und Optimierungszwecken gesammelt und gespeichert. Aus diesen Daten kann der jeweiligen Webseitenbetreiber unter Verwendung von Pseudonymen Nutzerprofile erstellen. Hierzu k\u00f6nnen Cookies eingesetzt werden. Bei Cookies handelt es sich um kleine Textdateien, die lokal im Zwischenspeicher des Internetbrowsers des Seitenbesuchers gespeichert werden. Die Cookies erm\u00f6glichen die Wiedererkennung des Internetbrowsers. Die mit den etracker-Technologien erhobenen Daten werden ohne die gesondert erteilte Zustimmung des Betroffenen nicht dazu benutzt, den Besucher dieser Website pers\u00f6nlich zu identifizieren und nicht mit personenbezogenen Daten \u00fcber den Tr\u00e4ger des Pseudonyms zusammengef\u00fchrt. Die Datenverarbeitung erfolgt auf der Grundlage von Art. 6 Abs. 1 lit. f DSGVO und in dem berechtigten Interesse zu erfahren, wie h\u00e4ufig unsere Webseiten von unterschiedlichen Nutzern aufgerufen wurden.<\/p>\n\n\n\n<p><strong>Was gilt f\u00fcr den Einsatz von Google Analytics?\u2028\u2028<\/strong><\/p>\n\n\n\n<p>Zur bedarfsgerechten Gestaltung einiger heristo-Webseiten erstellen wir\u2028 pseudonyme Nutzungsprofile mit Hilfe von Google Analytics. Google Analytics \u2028verwendet Cookies, die auf Ihrem Endger\u00e4t gespeichert und von uns\u2028ausgelesen werden k\u00f6nnen. Auf diese Weise sind wir in der Lage,\u2028 wiederkehrende Besucher zu erkennen und als solche zu z\u00e4hlen. Die\u2028 Datenverarbeitung erfolgt auf der Grundlage von Art. 6 Abs. 1 S. 1 lit. f\u2028DSGVO und in dem berechtigten Interesse zu erfahren, wie h\u00e4ufig unsere\u2028 Webseiten von unterschiedlichen Nutzern aufgerufen wurden.\u2028\u2028<\/p>\n\n\n\n<p>Die durch das Cookie erzeugten Informationen \u00fcber Ihre Benutzung dieser\u2028 Website werden in der Regel an einen Server von Google in den USA \u2028\u00fcbertragen und dort gespeichert. Da wir die IP-Anonymisierung auf dieser\u2028 Webseite aktiviert haben, wird Ihre IP-Adresse von Google jedoch zuvor \u2028innerhalb von Mitgliedstaaten der Europ\u00e4ischen Union gek\u00fcrzt. Nur in\u2028 Ausnahmef\u00e4llen wird die volle IP-Adresse an einen Server von Google in den\u2028 USA (ein angemessenes Datenschutzniveau liegt nach Art. 45 Abs. 1 DSGVO\u2028 durch Googles Teilnahme am Privacy Shield vor) \u00fcbertragen und erst dort\u2028 gek\u00fcrzt. Wir haben mit Google Inc. (USA) zudem einen Vertrag zur\u2028Auftragsverarbeitung nach Art. 28 DSGVO geschlossen. Google wird alle Informationen demnach nur streng zweckgebunden nutzen, um die Nutzung \u2028unserer Website f\u00fcr uns auszuwerten und Reports \u00fcber die Websiteaktivit\u00e4ten \u2028zusammenzustellen.\u2028\u2028<\/p>\n\n\n\n<p>Sie k\u00f6nnen der Verarbeitung jederzeit widersprechen. Bitte nutzen Sie \u2028hierf\u00fcr eine der folgenden M\u00f6glichkeiten:\u2028\u2028<\/p>\n\n\n\n<p>a) Sie k\u00f6nnen die Speicherung der Cookies durch eine entsprechende \u2028Einstellung Ihrer Browser-Software verhindern; wir weisen Sie jedoch darauf\u2028hin, dass Sie in diesem Fall gegebenenfalls nicht s\u00e4mtliche Funktionen\u2028 dieser Website vollumf\u00e4nglich werden nutzen k\u00f6nnen.\u2028\u2028<\/p>\n\n\n\n<p>b) Sie k\u00f6nnen dar\u00fcber hinaus die Erfassung der durch das Cookie erzeugten \u2028und auf Ihre Nutzung der Website bezogenen Daten (inkl. Ihrer IP-Adresse)\u2028 an Google sowie die Verarbeitung dieser Daten durch Google verhindern, \u2028indem sie das unter dem folgenden Link \u2028(http:\/\/tools.google.com\/dlpage\/gaoptout?hl=de) verf\u00fcgbare Browser-Plugin\u2028 herunterladen und installieren.<\/p>\n\n\n\n<p>\u2028\u2028c) Eine Erfassung durch Google Analytics k\u00f6nnen Sie zus\u00e4tzlich verhindern, \u2028indem Sie auf folgenden Link klicken. Es wird ein Opt-Out-Cookie gesetzt, \u2028der die zuk\u00fcnftige Erfassung Ihrer Daten beim Besuch dieser Website \u2028dauerhaft verhindert:&nbsp;Klicken Sie hier, um\u2028 die Verarbeitung Ihrer Daten durch Google Analytics zu widersprechen.\u2028\u2028<\/p>\n\n\n\n<p><strong>Der Datenerhebung und -speicherung k\u00f6nnen Sie jederzeit mit Wirkung f\u00fcr die Zukunft&nbsp;<a href=\"http:\/\/www.etracker.de\/privacy?et=5mK68K\" target=\"_blank\" rel=\"noreferrer noopener\">widersprechen<\/a>.<\/strong><\/p>\n\n\n\n<p><strong>Werden auf den heristo-Webseiten Cookies verwendet?\u2028<\/strong><\/p>\n\n\n\n<p>Wir verwenden auf den heristo-Webseiten in der Regel so genannte Session-Cookies, die Daten zur technischen Sitzungssteuerung im Speicher Ihres Browsers ablegen. Diese Daten sind nicht personenbezogen und werden sp\u00e4testens mit dem Schlie\u00dfen Ihres Browsers gel\u00f6scht. Sollten wir ausnahmsweise in einem Cookie auch personenbezogene Daten speichern wollen, werden wir vorab gem\u00e4\u00df Art. 6 Abs. 1 lit. a) DSGVO Ihre ausdr\u00fcckliche Einwilligung einholen.<\/p>\n\n\n\n<p>Die Verarbeitung erfolgt auf Grundlage von Art. 6 Abs. 1 lit. f) DSGVO und in dem Interesse die Benutzerf\u00fchrung zu optimieren bzw. zu erm\u00f6glichen und die Darstellung unserer Webseite anzupassen.<\/p>\n\n\n\n<p><strong>Wie kann ich generell das Ablegen von Cookies auf meinem Computer verhindern?<\/strong>\u2028<\/p>\n\n\n\n<p>Wenn gleich Cookies nur dann datenschutzrechtlich relevant sind, wenn in ihnen personenbezogene Daten gespeichert werden, stehen nicht wenige Internet-Nutzer diesen kleinen Datenpaketen grunds\u00e4tzlich skeptisch gegen\u00fcber. Wir m\u00f6chten Sie daher darauf hinweisen, dass Sie sich auch selbst gegen das Ablegen von Cookies auf Ihrem Computer sch\u00fctzen bzw. die Inhalte von Cookies einsehen k\u00f6nnen. Aktuelle Browser stellen Ihnen hierzu verschiedene Funktionen zur Verf\u00fcgung, \u00fcber die Sie sich in der Hilfe Ihres Browsers n\u00e4her informieren k\u00f6nnen. Stellen Sie beispielsweise Ihren Internet-Browser einfach so ein, dass er alle Cookies automatisch blockiert oder Sie warnt, bevor ein Cookie gespeichert wird. Wir weisen allerdings darauf hin, dass damit unter Umst\u00e4nden eine funktionale Einschr\u00e4nkung in der Nutzung der heristo-Webseiten und Webseiten anderer Dienstanbieter verbunden sein kann.<\/p>\n\n\n\n<p><strong>Was muss ich \u00fcber die Schaltfl\u00e4che \u201eOnline kaufen\u201c wissen?<\/strong><\/p>\n\n\n\n<p>Auf der Website animonda.de wird ein \u201eOnline kaufen\u201c Button des Anbieters Commerce Connector GmbH (Deckerstra\u00dfe 41, 70372 Stuttgart) eingesetzt. Die Funktionalit\u00e4t des \u201eOnline kaufen\u201c Buttons erm\u00f6glicht User direkt mit Online H\u00e4ndlern f\u00fcr den Kauf des Produktes zu verbinden. Die Verlinkung erfolgt \u00fcber die Schaltfl\u00e4che \u201eOnline kaufen\u201c. Hier w\u00e4hlt der User im ersten Schritt einen Onlineshop seiner Wahl und wird dann zu dem Partner weitergeleitet. Mit Klick auf die Verlinkung wird von unserem Anbieter Commerce Connector f\u00fcr einen begrenzten Zeitraum von 7 Tagen ein Cookie mit der Bezeichnung \u201eccuuid\u201c gesetzt. Sofern Sie innerhalb dieses Zeitraums einen Einkauf bei dem Online H\u00e4ndler get\u00e4tigt haben, kann dieser Einkauf der Vermittlung durch Commerce Connector zugeordnet werden. Das Cookie wird bei einer erfolgreichen Vermittlung automatisch gel\u00f6scht und verf\u00e4llt automatisch nach 7 Tagen.&nbsp;<\/p>\n\n\n\n<p>Commerce Connector erh\u00e4lt keine pers\u00f6nlichen Informationen, anhand derer Sie identifiziert werden k\u00f6nnen. Es wird lediglich eine Cookie Nummer vergeben. Die erlangten Einkaufsinformationen werden von Commerce Connector ausschlie\u00dflich zur Erstellung anonymisierter Verkaufsstatistiken von animonda Produkte, die \u00fcber die Verlinkung gekauft wurden, verwendet.<\/p>\n\n\n\n<p><strong>Was muss ich \u00fcber die Facebook-Seiten von heristo-Unternehmen wissen?<\/strong><\/p>\n\n\n\n<p>Einige heristo-Unternehmen betreiben eine offizielle Facebook-Seite auf Grundlage von Art. 6 Abs. 1 lit. f) DSGVO. Wir erheben, speichern oder verarbeiten zu keiner Zeit personenbezogene Daten unserer Nutzer auf diesen Seitee. Weiterhin werden keine sonstigen Datenverarbeitungen von uns vorgenommen oder initiiert. Die von Ihnen auf unseren Facebook-Seiten eingegebenen Daten wie z. B. Kommentare, Videos oder Bilder, werden von uns zu keinem Zeitpunkt f\u00fcr andere Zwecke verwendet oder verarbeitet.<\/p>\n\n\n\n<p>Facebook setzt sogenannte Webtracking-Methoden auf diesen Seiten ein. Bitte seien Sie sich dar\u00fcber bewusst: Es kann nicht ausgeschlossen werden, dass Facebook Ihre Profildaten nutzt, etwa um Ihre Gewohnheiten, pers\u00f6nlichen Beziehungen, Vorlieben usw. auszuwerten. Wir haben keinerlei Einfluss auf die Verarbeitung Ihrer Daten durch Facebook.<\/p>\n\n\n\n<p><strong>Was tut heristo f\u00fcr die Sicherheit meiner personenbezogenen Daten?\u2028<\/strong><\/p>\n\n\n\n<p>heristo trifft die technischen und organisatorischen Sicherheitsma\u00dfnahmen, um Ihre personenbezogenen Daten vor Verlust und Missbrauch zu sch\u00fctzen. So werden Ihre Daten in einer sicheren Betriebsumgebung gespeichert, die der \u00d6ffentlichkeit nicht zug\u00e4nglich ist. Sollten Sie mit heristo per E-Mail in Kontakt treten wollen, weisen wir darauf hin, dass die Vertraulichkeit der \u00fcbermittelten Informationen nicht gew\u00e4hrleistet ist. Der Inhalt von E-Mails kann &#8211; \u00e4hnlich wie bei Postkarten &#8211; von Dritten eingesehen werden. Wir empfehlen Ihnen daher, uns vertrauliche Informationen ausschlie\u00dflich \u00fcber den Postweg zukommen zu lassen.<\/p>\n\n\n\n<p><strong>Welche Rechte habe ich als Nutzer der Webseiten?<\/strong><\/p>\n\n\n\n<p>Bei Verarbeitung Ihrer personenbezogenen Daten gew\u00e4hrt die DSGVO Ihnen als Webseitennutzer bestimmte Rechte:<\/p>\n\n\n\n<p>1. Auskunftsrecht (Art. 15 DSGVO):<\/p>\n\n\n\n<p>Sie haben das Recht eine Best\u00e4tigung dar\u00fcber zu verlangen, ob sie betreffende personenbezogene Daten verarbeitet werden; ist dies der Fall, so haben Sie ein Recht auf Auskunft \u00fcber diese personenbezogenen Daten und auf die in Art. 15 DSGVO im einzelnen aufgef\u00fchrten Informationen.<\/p>\n\n\n\n<p>2. Recht auf Berichtigung und L\u00f6schung (Art. 16 und 17 DSGVO):<\/p>\n\n\n\n<p>Sie haben das Recht, unverz\u00fcglich die Berichtigung sie betreffender unrichtiger personenbezogener Daten und ggf. die Vervollst\u00e4ndigung unvollst\u00e4ndiger personenbezogener Daten zu verlangen.<\/p>\n\n\n\n<p>Sie haben zudem das Recht, zu verlangen, dass sie betreffende personenbezogene Daten unverz\u00fcglich gel\u00f6scht werden, sofern einer der in Art. 17 DSGVO im einzelnen aufgef\u00fchrten Gr\u00fcnde zutrifft, z. B. wenn die Daten f\u00fcr die verfolgten Zwecke nicht mehr ben\u00f6tigt werden.<\/p>\n\n\n\n<p>3. Recht auf Einschr\u00e4nkung der Verarbeitung (Art. 18 DSGVO):<\/p>\n\n\n\n<p>Sie haben das Recht, die Einschr\u00e4nkung der Verarbeitung zu verlangen, wenn eine der in Art. 18 DSGVO aufgef\u00fchrten Voraussetzungen gegeben ist, z. B. wenn Sie Widerspruch gegen die Verarbeitung eingelegt haben, f\u00fcr die Dauer einer etwaigen Pr\u00fcfung.<\/p>\n\n\n\n<p>4. Recht auf Daten\u00fcbertragbarkeit (Art. 20 DSGVO):<\/p>\n\n\n\n<p>In bestimmten F\u00e4llen, die in Art. 20 DSGVO im Einzelnen aufgef\u00fchrt werden, haben Sie das Recht, die sie betreffenden personenbezogenen Daten in einem strukturierten, g\u00e4ngigen und maschinenlesbaren Format zu erhalten bzw. die \u00dcbermittlung dieser Daten an einen Dritten zu verlangen. &nbsp;<\/p>\n\n\n\n<p>5. Widerspruchsrecht (Art. 21 DSGVO):<\/p>\n\n\n\n<p>Werden Daten auf Grundlage von Art. 6 Abs. 1 lit. f erhoben (Datenverarbeitung zur Wahrung berechtigter Interessen), steht Ihnen das Recht zu, aus Gr\u00fcnden, die sich aus Ihrer besonderen Situation ergeben, jederzeit gegen die Verarbeitung Widerspruch einzulegen. Wir verarbeiten die personenbezogenen Daten dann nicht mehr, es sei denn, es liegen nachweisbar zwingende schutzw\u00fcrdige Gr\u00fcnde f\u00fcr die Verarbeitung vor, die die Interessen, Rechte und Freiheiten der betroffenen Person \u00fcberwiegen, oder die Verarbeitung dient der Geltendmachung, Aus\u00fcbung oder Verteidigung von Rechtsanspr\u00fcchen.<\/p>\n\n\n\n<p>6. Beschwerderecht bei einer Aufsichtsbeh\u00f6rde<\/p>\n\n\n\n<p>Sie haben gem. Art. 77 DSGVO das Recht auf Beschwerde bei einer Aufsichtsbeh\u00f6rde, wenn Sie der Ansicht sind, dass die Verarbeitung der Sie betreffenden Daten gegen datenschutzrechtliche Bestimmungen verst\u00f6\u00dft. Das Beschwerderecht kann insbesondere bei einer Aufsichtsbeh\u00f6rde in dem Mitgliedstaat Ihres Aufenthaltsorts, Ihres Arbeitsplatzes oder des Orts des mutma\u00dflichen Versto\u00dfes geltend gemacht werden.<\/p>\n\n\n\n<p><strong>\u00c4ndert sich diese Datenschutzerkl\u00e4rung von Zeit zu Zeit?\u2028<\/strong><\/p>\n\n\n\n<p>Die schnelle technologische Entwicklung des Internets und die \u00c4nderungen von Recht und Gesetz im Bereich des Datenschutzes machen es erforderlich, dass wir unserer Datenschutzerkl\u00e4rung von Zeit zu Zeit den neuen Anforderungen anpassen. Bitte beachten Sie daher die jeweils aktuelle Datenschutzerkl\u00e4rung. Diese Datenschutzerkl\u00e4rung hat den Stand vom 25.05.2018.<\/p>\n\n\n\n<p><strong>Ist ein Datenschutzbeauftragter bestellt?<\/strong><\/p>\n\n\n\n<p>Unser betrieblicher Datenschutzbeauftragter steht Ihnen gerne f\u00fcr Ausk\u00fcnfte oder Anregungen zum Thema Datenschutz zur Verf\u00fcgung:<\/p>\n\n\n\n<p>Dr. Uwe Schl\u00e4ger<br>datenschutz nord GmbH<br>Web: www.datenschutz-nord-guppe.de<br>E-Mail:&nbsp;<a href=\"javascript:linkTo_UnCryptMailto(%27ocknvq%2CqhhkegBfcvgpuejwvb%5C%2Fpqtf0fg%27);\">office@datenschutz-nord.de<\/a><br>Telefon: 0421 69 66 32 0<\/p>\n\n\n\n<p><strong>An wen kann ich mich wenden?\u2028<\/strong><\/p>\n\n\n\n<p>Wenn Sie Ihre Auskunftsrechte geltend machen wollen, Fragen zu dieser Datenschutzerkl\u00e4rung oder unserem Datenschutzverhalten im Web haben, wenden Sie sich bitte an:&nbsp;<a href=\"javascript:linkTo_UnCryptMailto(%27ocknvq%2CkphqBjgtkuvq0fg%27);\">info@heristo.de<\/a><\/p>\n","protected":false},"excerpt":{"rendered":"<p>Datenschutzerkl\u00e4rung der heristo aktiengesellschaft Wir freuen uns, dass Sie unsere Webseiten besuchen und bedanken uns f\u00fcr Ihr Interesse an unserem Unternehmen, unseren Produkten und unseren Webseiten. Der Schutz Ihrer Privatsph\u00e4re bei der Nutzung unserer Webseiten ist uns ein wichtiges Anliegen. Deshalb handeln wir in \u00dcbereinstimmung mit den anwendbaren Rechtsvorschriften zum Schutz personenbezogener Daten und zur [&hellip;]<\/p>\n","protected":false},"author":1,"featured_media":0,"parent":0,"menu_order":0,"comment_status":"closed","ping_status":"closed","template":"","meta":{"_vp_format_video_url":"","_vp_image_focal_point":[]},"_links":{"self":[{"href":"https:\/\/www.futterspende-plus.de\/index.php?rest_route=\/wp\/v2\/pages\/1219"}],"collection":[{"href":"https:\/\/www.futterspende-plus.de\/index.php?rest_route=\/wp\/v2\/pages"}],"about":[{"href":"https:\/\/www.futterspende-plus.de\/index.php?rest_route=\/wp\/v2\/types\/page"}],"author":[{"embeddable":true,"href":"https:\/\/www.futterspende-plus.de\/index.php?rest_route=\/wp\/v2\/users\/1"}],"replies":[{"embeddable":true,"href":"https:\/\/www.futterspende-plus.de\/index.php?rest_route=%2Fwp%2Fv2%2Fcomments&post=1219"}],"version-history":[{"count":1,"href":"https:\/\/www.futterspende-plus.de\/index.php?rest_route=\/wp\/v2\/pages\/1219\/revisions"}],"predecessor-version":[{"id":1223,"href":"https:\/\/www.futterspende-plus.de\/index.php?rest_route=\/wp\/v2\/pages\/1219\/revisions\/1223"}],"wp:attachment":[{"href":"https:\/\/www.futterspende-plus.de\/index.php?rest_route=%2Fwp%2Fv2%2Fmedia&parent=1219"}],"curies":[{"name":"wp","href":"https:\/\/api.w.org\/{rel}","templated":true}]}}