{"id":1217,"date":"2021-01-21T13:53:10","date_gmt":"2021-01-21T13:53:10","guid":{"rendered":"https:\/\/www.futterspende-plus.de\/?page_id=1217"},"modified":"2021-01-21T13:53:10","modified_gmt":"2021-01-21T13:53:10","slug":"impressum","status":"publish","type":"page","link":"https:\/\/www.futterspende-plus.de\/?page_id=1217","title":{"rendered":"Impressum"},"content":{"rendered":"\n<p><strong>animonda petcare gmbh<\/strong><br>Frankfurter Str. 31<br>49214 Bad Rothenfelde<\/p>\n\n\n\n<p>Tel.: +49 (0)5424 80934-0<br>Fax: +49 (0)5424 80934-29<\/p>\n\n\n\n<p>info@animonda.de<\/p>\n\n\n\n<p>Amtsgericht Osnabr\u00fcck<br>Handelsregisternummer: HRB 206405<br>Gesch\u00e4ftsf\u00fchrer:<br>Marco Lubberich, Thomas Neumann<\/p>\n\n\n\n<p>Finanzamt Osnabr\u00fcck-Land<br>USt-Id-Nr. DE 118 537 825<\/p>\n\n\n\n<p><strong>Verantwortlicher f\u00fcr den Inhalt gem\u00e4\u00df \u00a7 6 MDStV:<\/strong><br>Udo Bilz<\/p>\n\n\n\n<p><strong>Konzeption \/ Design \/ Programmierung:<\/strong><br>cybob communication GmbH<br>Gro\u00dfe Hamkenstra\u00dfe 30<br>49074 Osnabr\u00fcck<br>Internet: www.cybob.com<\/p>\n\n\n\n<p><strong>Copyright:<\/strong><br>Alle Rechte an Texten, Abbildungen, Animationen, Audio-Dateien und s\u00e4mtlichen weiteren ver\u00f6ffentlichten Informationen, beh\u00e4lt sich die animonda petcare gmbh vor.<\/p>\n\n\n\n<p>Reproduktion, Verarbeitung, Vervielf\u00e4ltigung, Verbreitung sowie Speicherung in Datenverarbeitungsanlagen des Ganzen oder in Teilen, gleich welcher Art, bedarf einer vorherigen schriftlichen Zustimmung der animonda petcare gmbh.<\/p>\n\n\n\n<p><strong>Haftungsausschluss:<\/strong><br>Eine Haftung f\u00fcr die Richtigkeit der Ver\u00f6ffentlichung kann der Herausgeber trotz sorgf\u00e4ltiger Pr\u00fcfung nicht \u00fcbernehmen. F\u00fcr die inhaltliche Richtigkeit der mit Namen gekennzeichneten Ver\u00f6ffentlichungen sowie eingef\u00fcgter Links und deren Inhalte \u00fcbernimmt der Herausgeber keine Gew\u00e4hr.<\/p>\n\n\n\n<p><strong>Bildnachweise:<\/strong> <\/p>\n\n\n\n<p>fehlen noch<\/p>\n","protected":false},"excerpt":{"rendered":"<p>animonda petcare gmbhFrankfurter Str. 3149214 Bad Rothenfelde Tel.: +49 (0)5424 80934-0Fax: +49 (0)5424 80934-29 info@animonda.de Amtsgericht Osnabr\u00fcckHandelsregisternummer: HRB 206405Gesch\u00e4ftsf\u00fchrer:Marco Lubberich, Thomas Neumann Finanzamt Osnabr\u00fcck-LandUSt-Id-Nr. DE 118 537 825 Verantwortlicher f\u00fcr den Inhalt gem\u00e4\u00df \u00a7 6 MDStV:Udo Bilz Konzeption \/ Design \/ Programmierung:cybob communication GmbHGro\u00dfe Hamkenstra\u00dfe 3049074 Osnabr\u00fcckInternet: www.cybob.com Copyright:Alle Rechte an Texten, Abbildungen, Animationen, Audio-Dateien [&hellip;]<\/p>\n","protected":false},"author":1,"featured_media":0,"parent":0,"menu_order":0,"comment_status":"closed","ping_status":"closed","template":"","meta":{"_vp_format_video_url":"","_vp_image_focal_point":[]},"_links":{"self":[{"href":"https:\/\/www.futterspende-plus.de\/index.php?rest_route=\/wp\/v2\/pages\/1217"}],"collection":[{"href":"https:\/\/www.futterspende-plus.de\/index.php?rest_route=\/wp\/v2\/pages"}],"about":[{"href":"https:\/\/www.futterspende-plus.de\/index.php?rest_route=\/wp\/v2\/types\/page"}],"author":[{"embeddable":true,"href":"https:\/\/www.futterspende-plus.de\/index.php?rest_route=\/wp\/v2\/users\/1"}],"replies":[{"embeddable":true,"href":"https:\/\/www.futterspende-plus.de\/index.php?rest_route=%2Fwp%2Fv2%2Fcomments&post=1217"}],"version-history":[{"count":1,"href":"https:\/\/www.futterspende-plus.de\/index.php?rest_route=\/wp\/v2\/pages\/1217\/revisions"}],"predecessor-version":[{"id":1218,"href":"https:\/\/www.futterspende-plus.de\/index.php?rest_route=\/wp\/v2\/pages\/1217\/revisions\/1218"}],"wp:attachment":[{"href":"https:\/\/www.futterspende-plus.de\/index.php?rest_route=%2Fwp%2Fv2%2Fmedia&parent=1217"}],"curies":[{"name":"wp","href":"https:\/\/api.w.org\/{rel}","templated":true}]}}